{"id":673,"date":"2017-11-07T11:48:35","date_gmt":"2017-11-07T10:48:35","guid":{"rendered":"http:\/\/www.morgantiferruccio.com\/?page_id=673"},"modified":"2022-12-22T22:39:58","modified_gmt":"2022-12-22T21:39:58","slug":"privacy-e-cookie-policy","status":"publish","type":"page","link":"https:\/\/www.morgantiferruccio.com\/en\/cookie-policy\/","title":{"rendered":"Cookie policy"},"content":{"rendered":"<div id=\"fb-root\"><\/div>\n<div id=\"pl-673\"  class=\"panel-layout\" ><div id=\"pg-673-0\"  class=\"panel-grid panel-has-style\" ><div style=\"padding: 40px 0; \" data-overlay=\"true\" data-overlay-color=\"#000000\" class=\"panel-row-style panel-row-style-for-673-0\" ><div id=\"pgc-673-0-0\"  class=\"panel-grid-cell\" ><div id=\"panel-673-0-0-0\" class=\"so-panel widget widget_sow-editor panel-first-child panel-last-child\" data-index=\"0\" ><div style=\"text-align: left;\" data-title-color=\"#443f3f\" data-headings-color=\"#443f3f\" class=\"panel-widget-style panel-widget-style-for-673-0-0-0\" ><div\n\t\t\t\n\t\t\tclass=\"so-widget-sow-editor so-widget-sow-editor-base\"\n\t\t\t\n\t\t>\n<div class=\"siteorigin-widget-tinymce textwidget\">\n\t<p><strong>INFORMATIVA COOKIES &amp; STRUMENTI DI TRACCIAMENTO DELL\u2019UTENTE<\/strong><\/p>\n<p><strong>(POLICY COOKIES)<\/strong><\/p>\n<p><strong>\u00a0<\/strong><\/p>\n<p>Ogni persona che naviga on line pu\u00f2 essere associata a <strong>identificativi online,<\/strong> definiti genericamente <strong>strumenti di tracciamento dell\u2019utente, <\/strong>che vengono prodotti dai dispositivi e dalle applicazioni utilizzate o dai protocolli impiegati per la navigazione. Ad esempio, sono strumenti di tracciamento: gli indirizzi IP, i marcatori temporanei - detti anche cookies - o i tag di identificazione.<\/p>\n<p>Tali strumenti possono lasciare tracce che, se combinate con altre informazioni ricevute dai server, possono essere utilizzate per identificare le persone che navigano on line e creare nuovi profili. Pertanto, tali identificativi sono considerati dati personali.<\/p>\n<p>&nbsp;<\/p>\n<p><strong>CHE COSA SONO I COOKIES?<\/strong><\/p>\n<p>I cookies sono stringhe di testo che i siti web visitati dagli utenti (cd. Publisher, o \"prime parti\") ovvero siti o web server diversi (cd. \"terze parti\") posizionano ed archiviano all'interno del dispositivo dell'utente medesimo, perch\u00e9 siano poi ritrasmessi agli stessi siti alla visita successiva.<\/p>\n<p>I cookies sono usati per differenti finalit\u00e0: esecuzione di autenticazioni informatiche, monitoraggio di sessioni, memorizzazione di informazioni su specifiche configurazioni riguardanti gli utenti che accedono al server, memorizzazione delle preferenze, o per agevolare la fruizione dei contenuti on line, come ad esempio per tenere traccia degli articoli in un carrello degli acquisti o delle informazioni per la compilazione di un modulo informatico.<\/p>\n<p><strong>QUANTI TIPI DI COOKIES ESISTONO?<\/strong><\/p>\n<p>Esistono diversi tipi di cookie, con caratteristiche e utilizzi diversi:<\/p>\n<p><strong>Cookie tecnici<\/strong>: sono cookies indispensabili per il corretto funzionamento del sito e sono utilizzati per effettuare la trasmissione di una comunicazione su una rete di comunicazione elettronica, o nella misura strettamente necessaria al fornitore di un servizio della societ\u00e0 dell'informazione esplicitamente richiesto dall'Utente a erogare tale servizio.<\/p>\n<p><strong>Cookie di Funzionalit\u00e0<\/strong>: consentono una ottimizzazione della visitabilit\u00e0 del sito da parte dell'Utente, ricordando alcune impostazioni relative all'accesso dello stesso (ad esempio, lingua, login, browser, regione).<\/p>\n<p><strong>Cookie analitici<\/strong>: sono cookies utilizzati per raccogliere e analizzare il traffico e l'utilizzo del sito. Questi cookie, pur senza identificare l'utente, consentono, per esempio, di rilevare se il medesimo utente torna a collegarsi in momenti diversi. Permettono inoltre di monitorare il sistema e migliorarne le prestazioni e l'usabilit\u00e0. La disattivazione di tali cookies pu\u00f2 essere eseguita senza alcuna perdita di funzionalit\u00e0.<\/p>\n<p><strong>Cookie di profilazione<\/strong>: si tratta di cookies persistenti utilizzati per identificare (in modo anonimo e non) le preferenze dell'utente e migliorare la sua esperienza di navigazione.<\/p>\n<p><strong>Cookie di terze parti (analitici e\/o di profilazione):<\/strong> si tratta di cookies generati da terzi non facenti capo al Sito, ma ospitati in alcune parti della pagina del Sito. Si pensi ad esempio ai \"widget\" di Google (ad es. Google Maps) o ai \"social plugin\" (Facebook, Twitter, LinkedIn, ecc.).<\/p>\n<p><strong>\u00a0<\/strong><\/p>\n<p>Il Sito <em>https:\/\/www.morgantiferruccio.com\/ <\/em>(di seguito \u201csito web\u201d) utilizza sia dati di navigazione che cookies e, dunque, il presente documento fornisce informazioni dettagliate sulla loro tipologia, funzionalit\u00e0 e su come gestirli.<\/p>\n<p><strong>\u00a0<\/strong><\/p>\n<p><strong>TITOLARE DEL SITO WEB E DEL TRATTAMENTO E DATI <\/strong><\/p>\n<p>Il titolare del trattamento \u00e8 la societ\u00e0 Morganti Ferruccio S.r.l., indirizzo e-mail <a href=\"mailto:info@morgantiferruccio.com\">info@morgantiferruccio.com<\/a><\/p>\n<p><strong>\u00a0<\/strong><\/p>\n<p><strong>TIPOLOGIA, DURATA E FINALITA\u2019 DEGLI STRUMENTI DI TRACCIAMENTO UTILIZZATI DA QUESTO SITO WEB<\/strong><\/p>\n<p>I sistemi informatici e le procedure software preposte al funzionamento di questo sito web acquisiscono, nel corso del loro normale esercizio, alcuni dati personali di navigazione la cui trasmissione \u00e8 implicita nell'uso dei protocolli di comunicazione di Internet.<\/p>\n<p>In questa categoria di dati rientrano: gli indirizzi IP o i nomi a dominio dei computer e dei terminali utilizzati dagli utenti, l'orario della richiesta, il metodo utilizzato nel sottoporre la richiesta al server, la dimensione del file ottenuto in risposta, il codice numerico indicante lo stato della risposta data dal server (buon fine, errore, ecc.) ed altri parametri relativi al sistema operativo e all'ambiente informatico dell'utente. Tali dati, necessari per la fruizione dei servizi web, vengono trattati allo scopo di controllare il corretto funzionamento dei servizi offerti. Il sito web del Titolare conserva tali dati di navigazione per il tempo necessario a conservare i cookie tecnici (salve eventuali necessit\u00e0 di conservazione ulteriore derivanti da richieste dell'Autorit\u00e0 giudiziaria).<\/p>\n<p>Il sito web tratta i seguenti cookie:<\/p>\n<p>&nbsp;<\/p>\n<table width=\"642\">\n<tbody>\n<tr>\n<td width=\"140\"><strong>NOME<\/strong><\/td>\n<td width=\"79\"><strong>TIPOLOGIA<\/strong><\/td>\n<td width=\"216\"><strong>FINALITA\u2019<\/strong><\/td>\n<td width=\"206\"><strong>PERIODO CONSERVAZIONE<\/strong><\/td>\n<\/tr>\n<tr>\n<td width=\"140\">&nbsp;<\/p>\n<p>QTRANS_FRONT_LANGUAGE<\/p>\n<p>&nbsp;<\/p>\n<\/td>\n<td width=\"79\">necessari<\/td>\n<td width=\"216\">Questo cookie \u00e8 impostato dal plugin qTranslate WordPress. Il cookie viene utilizzato per gestire la lingua preferita del visitatore.<\/p>\n<p><strong>\u00a0<\/strong><\/p>\n<\/td>\n<td width=\"206\">1 anno<\/td>\n<\/tr>\n<tr>\n<td width=\"140\">COOKIEYESID<\/td>\n<td width=\"79\">necessari<\/td>\n<td width=\"216\">\u00e8 un identificatore univoco per i visitatori in base al loro consenso<\/td>\n<td width=\"206\">1 anno<\/td>\n<\/tr>\n<tr>\n<td width=\"140\">CKY-CONSENT<\/td>\n<td width=\"79\">necessari<\/td>\n<td width=\"216\">ricorda le impostazioni di consenso degli utenti in modo che il sito web riconosca gli utenti alla successiva visita.<\/p>\n<p>&nbsp;<\/p>\n<\/td>\n<td width=\"206\">1 anno<\/td>\n<\/tr>\n<tr>\n<td width=\"140\">COOKIEYES-NECESSARY<\/td>\n<td width=\"79\">necessari<\/td>\n<td width=\"216\">serve per ricordare il consenso degli utenti all'uso dei cookie nella categoria \"Necessari\".<\/td>\n<td width=\"206\">1 anno<\/td>\n<\/tr>\n<tr>\n<td width=\"140\">COOKIEYES-FUNCTIONAL<\/td>\n<td width=\"79\">Necessari<\/td>\n<td width=\"216\">Serve per ricordare il consenso degli utenti all'uso dei cookie nella categoria \"Funzionali\".<\/td>\n<td width=\"206\">1 anno<\/td>\n<\/tr>\n<tr>\n<td width=\"140\">COOKIEYES-ANALYTICS<\/td>\n<td width=\"79\">Necessari<\/td>\n<td width=\"216\">serve per ricordare il consenso degli utenti all'uso dei cookie nella categoria \"analitici\u201d<\/td>\n<td width=\"206\">1 anno<\/td>\n<\/tr>\n<tr>\n<td width=\"140\">COOKIEYES-PERFORMANCE<\/td>\n<td width=\"79\">Necessari<\/td>\n<td width=\"216\">Serve per ricordare il consenso degli utenti all'uso dei cookie nella categoria \"performance\u201d<\/td>\n<td width=\"206\">1 anno<\/td>\n<\/tr>\n<tr>\n<td width=\"140\">COOKIEYES-ADVERTISEMENT<\/td>\n<td width=\"79\">Necessari<\/td>\n<td width=\"216\">Serve per ricordare il consenso degli utenti all'uso dei cookie nella categoria \"pubblicit\u00e0\u201d<\/td>\n<td width=\"206\">1 anno<\/td>\n<\/tr>\n<tr>\n<td width=\"140\">CKY-ACTION<\/td>\n<td width=\"79\">Necessari<\/td>\n<td width=\"216\">utilizzato per ricordare l'azione intrapresa dall'utente<\/td>\n<td width=\"206\">1 anno<\/td>\n<\/tr>\n<\/tbody>\n<\/table>\n<p>&nbsp;<\/p>\n<p>L\u2019elenco dei cookie tecnici potr\u00e0 variare a seconda degli aggiornamenti al sito. Al riguardo, si precisa che per il loro utilizzo non \u00e8 necessario il consenso da parte dell\u2019interessato in quanto l\u2019installazione dei cookie tecnici \u00e8 necessaria al solo fine di permettere il corretto funzionamento del sito stesso.<\/p>\n<p>Sul sito web del Titolare non sono presenti annunci pubblicitari e non vengono usati dati a fini di invio di pubblicit\u00e0.<\/p>\n<p>Il sito web incorpora plugin e\/o bottoni al fine di consentire una facile condivisione dei contenuti sui social network. Quando l\u2019utente clicca su un plugin\/bottone social, il suo browser si collega direttamente al server del social network da dove \u00e8 caricato il plugin, il quale pu\u00f2 tracciare la visita al nostro sito web e, nel caso, associarla all\u2019account del social se l\u2019utente \u00e8 connesso al momento della visita.<\/p>\n<p>La raccolta e l\u2019uso delle informazioni da parte di tali terzi sono regolati dalle rispettive informative privacy alle quali si prega di fare riferimento:<\/p>\n<p>-\u00a0\u00a0\u00a0\u00a0\u00a0\u00a0\u00a0\u00a0\u00a0\u00a0\u00a0\u00a0 Facebook (<a href=\"https:\/\/m.facebook.com\/?_rdr\">link informativa cookie<\/a>)<\/p>\n<p>-\u00a0\u00a0\u00a0\u00a0\u00a0\u00a0\u00a0\u00a0\u00a0\u00a0\u00a0\u00a0 Twitter (<a href=\"https:\/\/help.twitter.com\/it\/rules-and-policies\/twitter-cookies\">link informativa cookie<\/a>)<\/p>\n<p>-\u00a0\u00a0\u00a0\u00a0\u00a0\u00a0\u00a0\u00a0\u00a0\u00a0\u00a0\u00a0 LinkedIn (<a href=\"https:\/\/www.linkedin.com\/legal\/cookie-policy\">link informativa cookie<\/a>)<\/p>\n<p>-\u00a0\u00a0\u00a0\u00a0\u00a0\u00a0\u00a0\u00a0\u00a0\u00a0\u00a0\u00a0 Instagram (<a href=\"https:\/\/privacycenter.instagram.com\/policy\/?entry_point=ig_help_center_data_policy_redirect\">link informativa cookie<\/a>)<\/p>\n<p>-\u00a0\u00a0\u00a0\u00a0\u00a0\u00a0\u00a0\u00a0\u00a0\u00a0\u00a0\u00a0 Pinterest (<a href=\"https:\/\/policy.pinterest.com\/en\/cookies#:~:text=There%20are%20four%20categories%20of%20cookies%20we%20may,for%20advertising%20Pinterest%20to%20you%20off%20of%20Pinterest.\">link informativa cookie<\/a>)<\/p>\n<p>-\u00a0\u00a0\u00a0\u00a0\u00a0\u00a0\u00a0\u00a0\u00a0\u00a0\u00a0\u00a0\u00a0\u00a0 YouTube (<a href=\"https:\/\/www.youtube.com\/intl\/ALL_it\/howyoutubeworks\/user-settings\/privacy\/\">link informativa cookie<\/a>)<\/p>\n<p><strong>\u00a0<\/strong><\/p>\n<p><strong>FINALITA\u2019 E BASI GIURIDICHE DEL TRATTAMENTO<\/strong><\/p>\n<p>L\u2019installazione dei cookie tecnici \u00e8 necessaria al solo fine di permettere il corretto funzionamento del sito permettendo la trasmissione di una comunicazione su una rete di comunicazione elettronica, nella misura strettamente necessaria all\u2019erogazione del servizio stesso richiesto dall\u2019utente (art. 122, comma 1, d.lgs. 196\/2003 aggiornato dal d.lgs. 101\/2018 e s.m.i. e art. 6, lett. b) GDPR).<\/p>\n<p><strong>\u00a0<\/strong><\/p>\n<p><strong>DESTINATARI DEL TRATTAMENTO<\/strong><\/p>\n<p>I dati personali trattati dal Titolare del trattamento non sono diffusi. I dati personali possono essere comunicati ai lavoratori che operano alle dipendenze del Titolare, in qualit\u00e0 di autorizzati al trattamento ed ai soggetti esterni che con esso collaborano designati in qualit\u00e0 di Responsabili del trattamento o comunque operanti sotto l'autorit\u00e0 del titolare del trattamento. Nella specie, oltre al Titolare, potrebbero avere accesso ai dati altri soggetti coinvolti nell'organizzazione del Sito (personale amministrativo, commerciale, marketing, legali, amministratori di sistema) ovvero soggetti esterni (come fornitori di servizi tecnici terzi, corrieri postali, hosting provider, societ\u00e0 informatiche, agenzie di comunicazione). Resta fermo, ove richiesto, l'obbligo del Titolare di comunicare i dati ad Autorit\u00e0 Pubbliche al fine di:<\/p>\n<p>(a) rispettare un procedimento legale;<\/p>\n<p>(b) applicare i termini previsti dalle Condizioni generali d'Utilizzo;<\/p>\n<p>(c) proteggere i diritti, la propriet\u00e0 o la sicurezza del Titolare e dei relativi utenti e del pubblico.<\/p>\n<p><strong>\u00a0<\/strong><\/p>\n<p><strong>TRASFERIMENTO DEI DATI PERSONALI<\/strong><\/p>\n<p>Il presente sito non condivide dati con servizi localizzati al di fuori dello Spazio Economico Europeo (SEE) e, in ogni caso, si avvale di fornitori con server localizzati in Paesi per i quali la Commissione Europea ha emesso regolare decisione di adeguatezza ai sensi degli art. 45 e ss. GDPR.<\/p>\n<p><strong>\u00a0<\/strong><\/p>\n<p><strong>DIRITTI DEGLI INTERESSATI<\/strong><\/p>\n<p>Nel rispetto dei limiti e delle condizioni previste dalla normativa in materia di protezione dati personali, per quanto concerne i trattamenti oggetto della presente Informativa, ogni Utente, in qualit\u00e0 di interessato, ha il diritto di chiedere al Titolare del trattamento:<\/p>\n<ul>\n<li>l'accesso ai propri dati;<\/li>\n<li>la verifica e rettifica dei propri dati;<\/li>\n<li>la revoca del consenso precedentemente prestato in qualsiasi momento;<\/li>\n<li>di opporsi al trattamento dei propri dati;<\/li>\n<li>la limitazione del trattamento;<\/li>\n<li>la cancellazione o rimozione dei propri dati personali;<\/li>\n<li>il diritto alla portabilit\u00e0.<\/li>\n<\/ul>\n<p>&nbsp;<\/p>\n<p>L'interessato ha inoltre il diritto di proporre reclamo all'Autorit\u00e0 di controllo della protezione dei dati personali competente o agire in sede giudiziale, nel caso in cui ritenga che i trattamenti che lo riguardano violino le norme del GDPR, ai sensi dell'art. 77 del GDPR. Per esercitare i propri diritti, gli Utenti possono indirizzare una richiesta all\u2019indirizzo e-mail del Titolare del trattamento, all\u2019indirizzo e-mail sopra indicato<\/p>\n<p><strong>\u00a0<\/strong><\/p>\n<p><strong>\u00a0<\/strong><\/p>\n<p><strong>COME DISABILITARE I COOKIES MEDIANTE CONFIGURAZIONE DEL BROWSER<\/strong><\/p>\n<p>Se desideri approfondire le modalit\u00e0 con cui il tuo browser memorizza i cookies durante la sua navigazione, ti invitiamo a seguire questi link sui siti dei rispettivi fornitori.<\/p>\n<p>Mozilla Firefox: <a href=\"https:\/\/support.mozilla.org\/it\/kb\/Gestione%20dei%20cookie\">https:\/\/support.mozilla.org\/it\/kb\/Gestione%20dei%20cookie<\/a><\/p>\n<p>Google Chrome: <a href=\"https:\/\/support.google.com\/chrome\/answer\/95647?hl=it\">https:\/\/support.google.com\/chrome\/answer\/95647?hl=it<\/a><\/p>\n<p>Internet Explorer: <a href=\"https:\/\/support.microsoft.com\/it-it\/help\/17442\/windows-internet-explorer-delete-manage-cookies\">https:\/\/support.microsoft.com\/it-it\/help\/17442\/windows-internet-explorer-delete-manage-cookies<\/a><\/p>\n<p>Safari sul Mac: <a href=\"https:\/\/support.apple.com\/it-it\/guide\/safari\/sfri11471\/mac\">https:\/\/support.apple.com\/it-it\/guide\/safari\/sfri11471\/mac<\/a><\/p>\n<p>Safari su iPhone, iPad, o iPod touch: <a href=\"https:\/\/support.apple.com\/it-it\/HT201265\">https:\/\/support.apple.com\/it-it\/HT201265<\/a><\/p>\n<p>Opera: <a href=\"https:\/\/help.opera.com\/en\/latest\/web-preferences\/#cookies\">https:\/\/help.opera.com\/en\/latest\/web-preferences\/#cookies<\/a><\/p>\n<p>&nbsp;<\/p>\n<\/div>\n<\/div><\/div><\/div><\/div><\/div><\/div><\/div>","protected":false},"excerpt":{"rendered":"<p>INFORMATIVA COOKIES &amp; STRUMENTI DI TRACCIAMENTO DELL\u2019UTENTE (POLICY COOKIES) \u00a0 Ogni persona che naviga on line pu\u00f2 essere associata a [&hellip;]<\/p>\n","protected":false},"author":1,"featured_media":0,"parent":0,"menu_order":0,"comment_status":"closed","ping_status":"closed","template":"page-templates\/page_fullwidth.php","meta":{"footnotes":""},"class_list":["post-673","page","type-page","status-publish","hentry"],"yoast_head":"<!-- This site is optimized with the Yoast SEO plugin v25.4 - https:\/\/yoast.com\/wordpress\/plugins\/seo\/ -->\n<title>Cookie policy - Morganti Ferruccio srl - Industrial Gaskets<\/title>\n<meta name=\"robots\" content=\"index, follow, max-snippet:-1, max-image-preview:large, max-video-preview:-1\" \/>\n<link rel=\"canonical\" href=\"https:\/\/www.morgantiferruccio.com\/cookie-policy\/\" \/>\n<meta property=\"og:locale\" content=\"en_US\" \/>\n<meta property=\"og:type\" content=\"article\" \/>\n<meta property=\"og:title\" content=\"Cookie policy - Morganti Ferruccio srl - Industrial Gaskets\" \/>\n<meta property=\"og:description\" content=\"INFORMATIVA COOKIES &amp; STRUMENTI DI TRACCIAMENTO DELL\u2019UTENTE (POLICY COOKIES) \u00a0 Ogni persona che naviga on line pu\u00f2 essere associata a [&hellip;]\" \/>\n<meta property=\"og:url\" content=\"https:\/\/www.morgantiferruccio.com\/cookie-policy\/\" \/>\n<meta property=\"og:site_name\" content=\"Morganti Ferruccio srl - Industrial Gaskets\" \/>\n<meta property=\"article:publisher\" content=\"https:\/\/www.facebook.com\/morgantiferruccio\/\" \/>\n<meta property=\"article:modified_time\" content=\"2022-12-22T21:39:58+00:00\" \/>\n<meta name=\"twitter:card\" content=\"summary_large_image\" \/>\n<meta name=\"twitter:label1\" content=\"Est. reading time\" \/>\n\t<meta name=\"twitter:data1\" content=\"7 minutes\" \/>\n<script type=\"application\/ld+json\" class=\"yoast-schema-graph\">{\"@context\":\"https:\/\/schema.org\",\"@graph\":[{\"@type\":\"WebPage\",\"@id\":\"https:\/\/www.morgantiferruccio.com\/cookie-policy\/\",\"url\":\"https:\/\/www.morgantiferruccio.com\/cookie-policy\/\",\"name\":\"Cookie policy - Morganti Ferruccio srl - Industrial Gaskets\",\"isPartOf\":{\"@id\":\"https:\/\/www.morgantiferruccio.com\/#website\"},\"datePublished\":\"2017-11-07T10:48:35+00:00\",\"dateModified\":\"2022-12-22T21:39:58+00:00\",\"breadcrumb\":{\"@id\":\"https:\/\/www.morgantiferruccio.com\/cookie-policy\/#breadcrumb\"},\"inLanguage\":\"en-US\",\"potentialAction\":[{\"@type\":\"ReadAction\",\"target\":[\"https:\/\/www.morgantiferruccio.com\/cookie-policy\/\"]}]},{\"@type\":\"BreadcrumbList\",\"@id\":\"https:\/\/www.morgantiferruccio.com\/cookie-policy\/#breadcrumb\",\"itemListElement\":[{\"@type\":\"ListItem\",\"position\":1,\"name\":\"Home\",\"item\":\"https:\/\/www.morgantiferruccio.com\/\"},{\"@type\":\"ListItem\",\"position\":2,\"name\":\"Cookie policy\"}]},{\"@type\":\"WebSite\",\"@id\":\"https:\/\/www.morgantiferruccio.com\/#website\",\"url\":\"https:\/\/www.morgantiferruccio.com\/\",\"name\":\"Morganti Ferruccio srl - Industrial Gaskets\",\"description\":\"\",\"publisher\":{\"@id\":\"https:\/\/www.morgantiferruccio.com\/#organization\"},\"potentialAction\":[{\"@type\":\"SearchAction\",\"target\":{\"@type\":\"EntryPoint\",\"urlTemplate\":\"https:\/\/www.morgantiferruccio.com\/?s={search_term_string}\"},\"query-input\":{\"@type\":\"PropertyValueSpecification\",\"valueRequired\":true,\"valueName\":\"search_term_string\"}}],\"inLanguage\":\"en-US\"},{\"@type\":\"Organization\",\"@id\":\"https:\/\/www.morgantiferruccio.com\/#organization\",\"name\":\"Morganti Ferruccio srl\",\"url\":\"https:\/\/www.morgantiferruccio.com\/\",\"logo\":{\"@type\":\"ImageObject\",\"inLanguage\":\"en-US\",\"@id\":\"https:\/\/www.morgantiferruccio.com\/#\/schema\/logo\/image\/\",\"url\":\"https:\/\/www.morgantiferruccio.com\/wp-content\/uploads\/2017\/09\/morganti-ferruccio-guarnizioni-logo.png\",\"contentUrl\":\"https:\/\/www.morgantiferruccio.com\/wp-content\/uploads\/2017\/09\/morganti-ferruccio-guarnizioni-logo.png\",\"width\":173,\"height\":118,\"caption\":\"Morganti Ferruccio srl\"},\"image\":{\"@id\":\"https:\/\/www.morgantiferruccio.com\/#\/schema\/logo\/image\/\"},\"sameAs\":[\"https:\/\/www.facebook.com\/morgantiferruccio\/\",\"https:\/\/www.youtube.com\/channel\/UCya2g1tlarjZmUOdZub3YrA\"]}]}<\/script>\n<!-- \/ Yoast SEO plugin. -->","yoast_head_json":{"title":"Cookie policy - Morganti Ferruccio srl - Industrial Gaskets","robots":{"index":"index","follow":"follow","max-snippet":"max-snippet:-1","max-image-preview":"max-image-preview:large","max-video-preview":"max-video-preview:-1"},"canonical":"https:\/\/www.morgantiferruccio.com\/cookie-policy\/","og_locale":"en_US","og_type":"article","og_title":"Cookie policy - Morganti Ferruccio srl - Industrial Gaskets","og_description":"INFORMATIVA COOKIES &amp; STRUMENTI DI TRACCIAMENTO DELL\u2019UTENTE (POLICY COOKIES) \u00a0 Ogni persona che naviga on line pu\u00f2 essere associata a [&hellip;]","og_url":"https:\/\/www.morgantiferruccio.com\/cookie-policy\/","og_site_name":"Morganti Ferruccio srl - Industrial Gaskets","article_publisher":"https:\/\/www.facebook.com\/morgantiferruccio\/","article_modified_time":"2022-12-22T21:39:58+00:00","twitter_card":"summary_large_image","twitter_misc":{"Est. reading time":"7 minutes"},"schema":{"@context":"https:\/\/schema.org","@graph":[{"@type":"WebPage","@id":"https:\/\/www.morgantiferruccio.com\/cookie-policy\/","url":"https:\/\/www.morgantiferruccio.com\/cookie-policy\/","name":"Cookie policy - Morganti Ferruccio srl - Industrial Gaskets","isPartOf":{"@id":"https:\/\/www.morgantiferruccio.com\/#website"},"datePublished":"2017-11-07T10:48:35+00:00","dateModified":"2022-12-22T21:39:58+00:00","breadcrumb":{"@id":"https:\/\/www.morgantiferruccio.com\/cookie-policy\/#breadcrumb"},"inLanguage":"en-US","potentialAction":[{"@type":"ReadAction","target":["https:\/\/www.morgantiferruccio.com\/cookie-policy\/"]}]},{"@type":"BreadcrumbList","@id":"https:\/\/www.morgantiferruccio.com\/cookie-policy\/#breadcrumb","itemListElement":[{"@type":"ListItem","position":1,"name":"Home","item":"https:\/\/www.morgantiferruccio.com\/"},{"@type":"ListItem","position":2,"name":"Cookie policy"}]},{"@type":"WebSite","@id":"https:\/\/www.morgantiferruccio.com\/#website","url":"https:\/\/www.morgantiferruccio.com\/","name":"Morganti Ferruccio srl - Industrial Gaskets","description":"","publisher":{"@id":"https:\/\/www.morgantiferruccio.com\/#organization"},"potentialAction":[{"@type":"SearchAction","target":{"@type":"EntryPoint","urlTemplate":"https:\/\/www.morgantiferruccio.com\/?s={search_term_string}"},"query-input":{"@type":"PropertyValueSpecification","valueRequired":true,"valueName":"search_term_string"}}],"inLanguage":"en-US"},{"@type":"Organization","@id":"https:\/\/www.morgantiferruccio.com\/#organization","name":"Morganti Ferruccio srl","url":"https:\/\/www.morgantiferruccio.com\/","logo":{"@type":"ImageObject","inLanguage":"en-US","@id":"https:\/\/www.morgantiferruccio.com\/#\/schema\/logo\/image\/","url":"https:\/\/www.morgantiferruccio.com\/wp-content\/uploads\/2017\/09\/morganti-ferruccio-guarnizioni-logo.png","contentUrl":"https:\/\/www.morgantiferruccio.com\/wp-content\/uploads\/2017\/09\/morganti-ferruccio-guarnizioni-logo.png","width":173,"height":118,"caption":"Morganti Ferruccio srl"},"image":{"@id":"https:\/\/www.morgantiferruccio.com\/#\/schema\/logo\/image\/"},"sameAs":["https:\/\/www.facebook.com\/morgantiferruccio\/","https:\/\/www.youtube.com\/channel\/UCya2g1tlarjZmUOdZub3YrA"]}]}},"_links":{"self":[{"href":"https:\/\/www.morgantiferruccio.com\/en\/wp-json\/wp\/v2\/pages\/673","targetHints":{"allow":["GET"]}}],"collection":[{"href":"https:\/\/www.morgantiferruccio.com\/en\/wp-json\/wp\/v2\/pages"}],"about":[{"href":"https:\/\/www.morgantiferruccio.com\/en\/wp-json\/wp\/v2\/types\/page"}],"author":[{"embeddable":true,"href":"https:\/\/www.morgantiferruccio.com\/en\/wp-json\/wp\/v2\/users\/1"}],"replies":[{"embeddable":true,"href":"https:\/\/www.morgantiferruccio.com\/en\/wp-json\/wp\/v2\/comments?post=673"}],"version-history":[{"count":4,"href":"https:\/\/www.morgantiferruccio.com\/en\/wp-json\/wp\/v2\/pages\/673\/revisions"}],"predecessor-version":[{"id":1246,"href":"https:\/\/www.morgantiferruccio.com\/en\/wp-json\/wp\/v2\/pages\/673\/revisions\/1246"}],"wp:attachment":[{"href":"https:\/\/www.morgantiferruccio.com\/en\/wp-json\/wp\/v2\/media?parent=673"}],"curies":[{"name":"wp","href":"https:\/\/api.w.org\/{rel}","templated":true}]}}