{"id":1234,"date":"2022-12-18T23:36:20","date_gmt":"2022-12-18T22:36:20","guid":{"rendered":"https:\/\/www.morgantiferruccio.com\/?page_id=1234"},"modified":"2022-12-18T23:37:21","modified_gmt":"2022-12-18T22:37:21","slug":"cookie-policy","status":"publish","type":"page","link":"https:\/\/www.morgantiferruccio.com\/en\/privacy-policy\/","title":{"rendered":"Privacy Policy"},"content":{"rendered":"<div id=\"fb-root\"><\/div>\n<div id=\"pl-1234\"  class=\"panel-layout\" ><div id=\"pg-1234-0\"  class=\"panel-grid panel-has-style\" ><div style=\"padding: 40px 0; \" data-overlay=\"true\" data-overlay-color=\"#000000\" class=\"panel-row-style panel-row-style-for-1234-0\" ><div id=\"pgc-1234-0-0\"  class=\"panel-grid-cell\" ><div id=\"panel-1234-0-0-0\" class=\"so-panel widget widget_sow-editor panel-first-child panel-last-child\" data-index=\"0\" ><div style=\"text-align: left;\" data-title-color=\"#443f3f\" data-headings-color=\"#443f3f\" class=\"panel-widget-style panel-widget-style-for-1234-0-0-0\" ><div\n\t\t\t\n\t\t\tclass=\"so-widget-sow-editor so-widget-sow-editor-base\"\n\t\t\t\n\t\t>\n<div class=\"siteorigin-widget-tinymce textwidget\">\n\t<p><strong>PRIVACY POLICY <\/strong><\/p>\n<p>La presente informativa \u00e8 resa agli Utenti del sito web <em>https:\/\/www.morgantiferruccio.com\/ <\/em>(di seguito: \"Sito web\") ed ha lo scopo di descrivere le modalit\u00e0 di gestione del Sito con riferimento al trattamento dei dati personali, nonch\u00e9 di permettere di conoscere le finalit\u00e0 e le modalit\u00e0 di trattamento dei dati personali da parte del Titolare del trattamento (art. 13 del Regolamento 679\/2016 \u2013 GDPR).<\/p>\n<p>&nbsp;<\/p>\n<p><strong>TITOLARE DEL TRATTAMENTO DEI DATI<\/strong><\/p>\n<p>Il titolare del trattamento \u00e8 la societ\u00e0 Morganti Ferruccio S.r.l., indirizzo e-mail <a href=\"mailto:info@morgantiferruccio.com\">info@morgantiferruccio.com<\/a><\/p>\n<p><strong>\u00a0<\/strong><\/p>\n<p><strong>TIPOLOGIA DI DATI PERSONALI, FINALITA\u2019 E BASE GIURIDICA DEL TRATTAMENTO<\/strong><\/p>\n<p>&nbsp;<\/p>\n<table>\n<tbody>\n<tr>\n<td width=\"129\"><strong>DATI PERSONALI COMUNICATI VOLONTARIAMENTE DALL'UTENTE<\/strong><\/p>\n<p><strong>\u00a0<\/strong><\/p>\n<\/td>\n<td width=\"291\">&nbsp;<\/p>\n<p>I dati personali (nome, cognome, e-mail, telefono) e i commenti inseriti volontariamente dall\u2019Utente sul sito web, mediante la compilazione di appositi moduli, sono necessari per rispondere a richieste di informazione e\/o assistenza degli Utenti stessi e per migliorare il servizio offerto<\/p>\n<p><u>\u00a0<\/u><\/p>\n<\/td>\n<td width=\"222\">&nbsp;<\/p>\n<p>Per tali finalit\u00e0 la base giuridica \u00e8 l'esecuzione del contratto di cui l'interessato \u00e8 parte o l'esecuzione di misure precontrattuali su richiesta dello stesso (art. 6, lett. b) GDPR e art. 122 del Codice Privacy).<\/p>\n<\/td>\n<\/tr>\n<tr>\n<td width=\"129\"><strong>\u00a0<\/strong><\/p>\n<p><strong>COOKIES E STRUMENTI DI TRACCIAMENTO<\/strong><\/p>\n<p><strong>\u00a0<\/strong><\/p>\n<\/td>\n<td width=\"291\">&nbsp;<\/p>\n<p>Per maggiori dettagli su tali dati si rimanda alla <em>policy cookie<\/em><\/p>\n<p><u>\u00a0<\/u><\/p>\n<\/td>\n<td width=\"222\">&nbsp;<\/p>\n<p>L\u2019installazione dei cookie tecnici e dei dati di navigazione \u00e8 necessaria al fine di permettere l\u2019esecuzione di un servizio richiesto dall\u2019utente, ossia il funzionamento del sito web (art. 122 del Codice Privacy e art. 6, lett. b) GDPR).<\/p>\n<\/td>\n<\/tr>\n<tr>\n<td width=\"129\"><strong>DATI PERSONALI PER CATALOGO<\/strong><\/td>\n<td width=\"291\">I dati personali (nome, cognome, e-mail, telefono) e i commenti inseriti volontariamente dall\u2019Utente sul sito web, mediante la compilazione di appositi moduli, sono necessari svolgere attivit\u00e0 di marketing mediante l\u2019invio del catalogo dei prodotti del Titolare<\/td>\n<td width=\"222\">&nbsp;<\/p>\n<p>Per tali finalit\u00e0 la base giuridica \u00e8 il consenso dell\u2019interessato (art. 6, lett. a) GDPR e art. 122 del Codice Privacy).<\/p>\n<\/td>\n<\/tr>\n<\/tbody>\n<\/table>\n<p>&nbsp;<\/p>\n<p><strong>\u00a0<\/strong><\/p>\n<p><strong>DESTINATARI DEL TRATTAMENTO<\/strong><\/p>\n<p>I dati personali trattati dal Titolare del trattamento non sono diffusi. I dati personali possono essere comunicati ai lavoratori che operano alle dipendenze del Titolare, in qualit\u00e0 di autorizzati al trattamento ed ai soggetti esterni che con esso collaborano designati in qualit\u00e0 di Responsabili del trattamento o comunque operanti sotto l'autorit\u00e0 del titolare del trattamento. Nella specie, oltre al Titolare, potrebbero avere accesso ai dati altri soggetti coinvolti nell'organizzazione del Sito (personale amministrativo, commerciale, marketing, legali, amministratori di sistema) ovvero soggetti esterni (come fornitori di servizi tecnici terzi, corrieri postali, hosting provider, societ\u00e0 informatiche, agenzie di comunicazione). Resta fermo, ove richiesto, l'obbligo del Titolare di comunicare i dati ad Autorit\u00e0 Pubbliche al fine di:<\/p>\n<p>(a) rispettare un procedimento legale;<\/p>\n<p>(b) applicare i termini previsti dalle Condizioni generali d'Utilizzo;<\/p>\n<p>(c) proteggere i diritti, la propriet\u00e0 o la sicurezza del Titolare e dei relativi utenti e del pubblico.<\/p>\n<p><strong>\u00a0<\/strong><\/p>\n<p><strong>TRASFERIMENTO DEI DATI PERSONALI<\/strong><\/p>\n<p>Il presente sito non condivide dati con servizi localizzati al di fuori dello Spazio Economico Europeo (SEE) e, in ogni caso, si avvale di fornitori con server localizzati in Paesi per i quali la Commissione Europea ha emesso regolare decisione di adeguatezza ai sensi degli art. 45 e ss. GDPR.<\/p>\n<p><strong>\u00a0<\/strong><\/p>\n<p><strong>DIRITTI DEGLI INTERESSATI<\/strong><\/p>\n<p>Nel rispetto dei limiti e delle condizioni previste dalla normativa in materia di protezione dati personali, per quanto concerne i trattamenti oggetto della presente Informativa, ogni Utente, in qualit\u00e0 di interessato, ha il diritto di chiedere al Titolare del trattamento:<\/p>\n<ul>\n<li>l'accesso ai propri dati;<\/li>\n<li>la verifica e rettifica dei propri dati;<\/li>\n<li>la revoca del consenso precedentemente prestato in qualsiasi momento;<\/li>\n<li>di opporsi al trattamento dei propri dati;<\/li>\n<li>la limitazione del trattamento;<\/li>\n<li>la cancellazione o rimozione dei propri dati personali;<\/li>\n<li>il diritto alla portabilit\u00e0.<\/li>\n<\/ul>\n<p>&nbsp;<\/p>\n<p>L'interessato ha inoltre il diritto di proporre reclamo all'Autorit\u00e0 di controllo della protezione dei dati personali competente o agire in sede giudiziale, nel caso in cui ritenga che i trattamenti che lo riguardano violino le norme del GDPR, ai sensi dell'art. 77 del GDPR.<\/p>\n<p>Per esercitare i propri diritti, gli Utenti possono indirizzare una richiesta all\u2019indirizzo e-mail del Titolare del trattamento, all\u2019indirizzo e-mail sopra indicato.<\/p>\n<p><strong>\u00a0<\/strong><\/p>\n<p>&nbsp;<\/p>\n<\/div>\n<\/div><\/div><\/div><\/div><\/div><\/div><\/div>","protected":false},"excerpt":{"rendered":"<p>PRIVACY POLICY La presente informativa \u00e8 resa agli Utenti del sito web https:\/\/www.morgantiferruccio.com\/ (di seguito: &#8220;Sito web&#8221;) ed ha lo [&hellip;]<\/p>\n","protected":false},"author":1,"featured_media":0,"parent":0,"menu_order":0,"comment_status":"closed","ping_status":"closed","template":"page-templates\/page_fullwidth.php","meta":{"footnotes":""},"class_list":["post-1234","page","type-page","status-publish","hentry"],"yoast_head":"<!-- This site is optimized with the Yoast SEO plugin v25.4 - https:\/\/yoast.com\/wordpress\/plugins\/seo\/ -->\n<title>Privacy Policy - Morganti Ferruccio srl - Industrial Gaskets<\/title>\n<meta name=\"robots\" content=\"index, follow, max-snippet:-1, max-image-preview:large, max-video-preview:-1\" \/>\n<link rel=\"canonical\" href=\"https:\/\/www.morgantiferruccio.com\/privacy-policy\/\" \/>\n<meta property=\"og:locale\" content=\"en_US\" \/>\n<meta property=\"og:type\" content=\"article\" \/>\n<meta property=\"og:title\" content=\"Privacy Policy - Morganti Ferruccio srl - Industrial Gaskets\" \/>\n<meta property=\"og:description\" content=\"PRIVACY POLICY La presente informativa \u00e8 resa agli Utenti del sito web https:\/\/www.morgantiferruccio.com\/ (di seguito: &quot;Sito web&quot;) ed ha lo [&hellip;]\" \/>\n<meta property=\"og:url\" content=\"https:\/\/www.morgantiferruccio.com\/privacy-policy\/\" \/>\n<meta property=\"og:site_name\" content=\"Morganti Ferruccio srl - Industrial Gaskets\" \/>\n<meta property=\"article:publisher\" content=\"https:\/\/www.facebook.com\/morgantiferruccio\/\" \/>\n<meta property=\"article:modified_time\" content=\"2022-12-18T22:37:21+00:00\" \/>\n<meta name=\"twitter:card\" content=\"summary_large_image\" \/>\n<meta name=\"twitter:label1\" content=\"Est. reading time\" \/>\n\t<meta name=\"twitter:data1\" content=\"7 minutes\" \/>\n<script type=\"application\/ld+json\" class=\"yoast-schema-graph\">{\"@context\":\"https:\/\/schema.org\",\"@graph\":[{\"@type\":\"WebPage\",\"@id\":\"https:\/\/www.morgantiferruccio.com\/privacy-policy\/\",\"url\":\"https:\/\/www.morgantiferruccio.com\/privacy-policy\/\",\"name\":\"Privacy Policy - Morganti Ferruccio srl - Industrial Gaskets\",\"isPartOf\":{\"@id\":\"https:\/\/www.morgantiferruccio.com\/#website\"},\"datePublished\":\"2022-12-18T22:36:20+00:00\",\"dateModified\":\"2022-12-18T22:37:21+00:00\",\"breadcrumb\":{\"@id\":\"https:\/\/www.morgantiferruccio.com\/privacy-policy\/#breadcrumb\"},\"inLanguage\":\"en-US\",\"potentialAction\":[{\"@type\":\"ReadAction\",\"target\":[\"https:\/\/www.morgantiferruccio.com\/privacy-policy\/\"]}]},{\"@type\":\"BreadcrumbList\",\"@id\":\"https:\/\/www.morgantiferruccio.com\/privacy-policy\/#breadcrumb\",\"itemListElement\":[{\"@type\":\"ListItem\",\"position\":1,\"name\":\"Home\",\"item\":\"https:\/\/www.morgantiferruccio.com\/\"},{\"@type\":\"ListItem\",\"position\":2,\"name\":\"Privacy Policy\"}]},{\"@type\":\"WebSite\",\"@id\":\"https:\/\/www.morgantiferruccio.com\/#website\",\"url\":\"https:\/\/www.morgantiferruccio.com\/\",\"name\":\"Morganti Ferruccio srl - Industrial Gaskets\",\"description\":\"\",\"publisher\":{\"@id\":\"https:\/\/www.morgantiferruccio.com\/#organization\"},\"potentialAction\":[{\"@type\":\"SearchAction\",\"target\":{\"@type\":\"EntryPoint\",\"urlTemplate\":\"https:\/\/www.morgantiferruccio.com\/?s={search_term_string}\"},\"query-input\":{\"@type\":\"PropertyValueSpecification\",\"valueRequired\":true,\"valueName\":\"search_term_string\"}}],\"inLanguage\":\"en-US\"},{\"@type\":\"Organization\",\"@id\":\"https:\/\/www.morgantiferruccio.com\/#organization\",\"name\":\"Morganti Ferruccio srl\",\"url\":\"https:\/\/www.morgantiferruccio.com\/\",\"logo\":{\"@type\":\"ImageObject\",\"inLanguage\":\"en-US\",\"@id\":\"https:\/\/www.morgantiferruccio.com\/#\/schema\/logo\/image\/\",\"url\":\"https:\/\/www.morgantiferruccio.com\/wp-content\/uploads\/2017\/09\/morganti-ferruccio-guarnizioni-logo.png\",\"contentUrl\":\"https:\/\/www.morgantiferruccio.com\/wp-content\/uploads\/2017\/09\/morganti-ferruccio-guarnizioni-logo.png\",\"width\":173,\"height\":118,\"caption\":\"Morganti Ferruccio srl\"},\"image\":{\"@id\":\"https:\/\/www.morgantiferruccio.com\/#\/schema\/logo\/image\/\"},\"sameAs\":[\"https:\/\/www.facebook.com\/morgantiferruccio\/\",\"https:\/\/www.youtube.com\/channel\/UCya2g1tlarjZmUOdZub3YrA\"]}]}<\/script>\n<!-- \/ Yoast SEO plugin. -->","yoast_head_json":{"title":"Privacy Policy - Morganti Ferruccio srl - Industrial Gaskets","robots":{"index":"index","follow":"follow","max-snippet":"max-snippet:-1","max-image-preview":"max-image-preview:large","max-video-preview":"max-video-preview:-1"},"canonical":"https:\/\/www.morgantiferruccio.com\/privacy-policy\/","og_locale":"en_US","og_type":"article","og_title":"Privacy Policy - Morganti Ferruccio srl - Industrial Gaskets","og_description":"PRIVACY POLICY La presente informativa \u00e8 resa agli Utenti del sito web https:\/\/www.morgantiferruccio.com\/ (di seguito: \"Sito web\") ed ha lo [&hellip;]","og_url":"https:\/\/www.morgantiferruccio.com\/privacy-policy\/","og_site_name":"Morganti Ferruccio srl - Industrial Gaskets","article_publisher":"https:\/\/www.facebook.com\/morgantiferruccio\/","article_modified_time":"2022-12-18T22:37:21+00:00","twitter_card":"summary_large_image","twitter_misc":{"Est. reading time":"7 minutes"},"schema":{"@context":"https:\/\/schema.org","@graph":[{"@type":"WebPage","@id":"https:\/\/www.morgantiferruccio.com\/privacy-policy\/","url":"https:\/\/www.morgantiferruccio.com\/privacy-policy\/","name":"Privacy Policy - Morganti Ferruccio srl - Industrial Gaskets","isPartOf":{"@id":"https:\/\/www.morgantiferruccio.com\/#website"},"datePublished":"2022-12-18T22:36:20+00:00","dateModified":"2022-12-18T22:37:21+00:00","breadcrumb":{"@id":"https:\/\/www.morgantiferruccio.com\/privacy-policy\/#breadcrumb"},"inLanguage":"en-US","potentialAction":[{"@type":"ReadAction","target":["https:\/\/www.morgantiferruccio.com\/privacy-policy\/"]}]},{"@type":"BreadcrumbList","@id":"https:\/\/www.morgantiferruccio.com\/privacy-policy\/#breadcrumb","itemListElement":[{"@type":"ListItem","position":1,"name":"Home","item":"https:\/\/www.morgantiferruccio.com\/"},{"@type":"ListItem","position":2,"name":"Privacy Policy"}]},{"@type":"WebSite","@id":"https:\/\/www.morgantiferruccio.com\/#website","url":"https:\/\/www.morgantiferruccio.com\/","name":"Morganti Ferruccio srl - Industrial Gaskets","description":"","publisher":{"@id":"https:\/\/www.morgantiferruccio.com\/#organization"},"potentialAction":[{"@type":"SearchAction","target":{"@type":"EntryPoint","urlTemplate":"https:\/\/www.morgantiferruccio.com\/?s={search_term_string}"},"query-input":{"@type":"PropertyValueSpecification","valueRequired":true,"valueName":"search_term_string"}}],"inLanguage":"en-US"},{"@type":"Organization","@id":"https:\/\/www.morgantiferruccio.com\/#organization","name":"Morganti Ferruccio srl","url":"https:\/\/www.morgantiferruccio.com\/","logo":{"@type":"ImageObject","inLanguage":"en-US","@id":"https:\/\/www.morgantiferruccio.com\/#\/schema\/logo\/image\/","url":"https:\/\/www.morgantiferruccio.com\/wp-content\/uploads\/2017\/09\/morganti-ferruccio-guarnizioni-logo.png","contentUrl":"https:\/\/www.morgantiferruccio.com\/wp-content\/uploads\/2017\/09\/morganti-ferruccio-guarnizioni-logo.png","width":173,"height":118,"caption":"Morganti Ferruccio srl"},"image":{"@id":"https:\/\/www.morgantiferruccio.com\/#\/schema\/logo\/image\/"},"sameAs":["https:\/\/www.facebook.com\/morgantiferruccio\/","https:\/\/www.youtube.com\/channel\/UCya2g1tlarjZmUOdZub3YrA"]}]}},"_links":{"self":[{"href":"https:\/\/www.morgantiferruccio.com\/en\/wp-json\/wp\/v2\/pages\/1234","targetHints":{"allow":["GET"]}}],"collection":[{"href":"https:\/\/www.morgantiferruccio.com\/en\/wp-json\/wp\/v2\/pages"}],"about":[{"href":"https:\/\/www.morgantiferruccio.com\/en\/wp-json\/wp\/v2\/types\/page"}],"author":[{"embeddable":true,"href":"https:\/\/www.morgantiferruccio.com\/en\/wp-json\/wp\/v2\/users\/1"}],"replies":[{"embeddable":true,"href":"https:\/\/www.morgantiferruccio.com\/en\/wp-json\/wp\/v2\/comments?post=1234"}],"version-history":[{"count":4,"href":"https:\/\/www.morgantiferruccio.com\/en\/wp-json\/wp\/v2\/pages\/1234\/revisions"}],"predecessor-version":[{"id":1238,"href":"https:\/\/www.morgantiferruccio.com\/en\/wp-json\/wp\/v2\/pages\/1234\/revisions\/1238"}],"wp:attachment":[{"href":"https:\/\/www.morgantiferruccio.com\/en\/wp-json\/wp\/v2\/media?parent=1234"}],"curies":[{"name":"wp","href":"https:\/\/api.w.org\/{rel}","templated":true}]}}